{"id":483,"date":"2022-01-24T01:19:26","date_gmt":"2022-01-23T23:19:26","guid":{"rendered":"https:\/\/laioshotel.gr\/camera-dubla-standard-cu-vedere-la-gradina\/"},"modified":"2023-06-13T12:57:13","modified_gmt":"2023-06-13T09:57:13","slug":"camera-dubla-standard-cu-vedere-la-gradina","status":"publish","type":"page","link":"https:\/\/laioshotel.gr\/ro\/camera-dubla-standard-cu-vedere-la-gradina\/","title":{"rendered":"Camer\u0103 dubl\u0103 standard cu vedere la gr\u0103din\u0103"},"content":{"rendered":"[vc_row css=&#8221;.vc_custom_1556385311196{padding-top: 50px !important;}&#8221;][vc_column][vc_column_text css=&#8221;.vc_custom_1642536712493{margin-bottom: 0px !important;}&#8221;]\n<h1 style=\"margin-bottom: 0px; font-weight: 200; text-align: center;\">Camer\u0103 twin Standard<\/h1>\n<h2 style=\"font-weight: 900; font-size: 24px; letter-spacing: 0.6px; text-align: center;\">cu vedere la gr\u0103din\u0103<\/h2>\n<h4 style=\"text-align: center;\">Suprafa\u0163a camerei: 15 m<sup>2 <\/sup>\/ Capacitate: 2 persoane<\/h4>\n[\/vc_column_text][vc_column_text css=&#8221;.vc_custom_1642536793768{margin-bottom: 0px !important;padding-top: 10px !important;}&#8221;]\n<p style=\"text-align: center;\">Aceast\u0103 camer\u0103 luminoas\u0103 ofer\u0103 aer condi\u021bionat \u0219i vedere la gr\u0103din\u0103. Are Wi-Fi gratuit, frigider \u0219i TV.<br \/>\nAceast\u0103 camer\u0103 este situat\u0103 la etajul 2. V\u0103 rug\u0103m s\u0103 re\u021bine\u021bi c\u0103 nu exist\u0103 lift.<\/p>\n[\/vc_column_text][vc_row_inner][vc_column_inner width=&#8221;1\/3&#8243; animation_in_type=&#8221;transition.bounceIn&#8221; animation_in_offset=&#8221;100&#8243; animation_in_duration=&#8221;750&#8243; animation_in_delay=&#8221;400&#8243;][mk_button dimension=&#8221;flat&#8221; size=&#8221;x-large&#8221; icon=&#8221;mk-moon-calendar-2&#8243; url=&#8221;https:\/\/laioshotel.book-onlinenow.net\/&#8221; target=&#8221;_blank&#8221; margin_top=&#8221;45&#8243; margin_bottom=&#8221;35&#8243;]REZERVA ACUM[\/mk_button][\/vc_column_inner][vc_column_inner width=&#8221;1\/3&#8243; animation_in_type=&#8221;transition.fadeIn&#8221; animation_in_offset=&#8221;100&#8243; animation_in_duration=&#8221;900&#8243; animation_in_delay=&#8221;100&#8243;][mk_custom_list]\n<ul>\n<li style=\"list-style-type: none;\">\n<ul>\n<li>Lenjerie de pat \/ Prosoape<\/li>\n<li>Cad\u0103 sau du\u0219<\/li>\n<li>Usc\u0103tor de p\u0103r<\/li>\n<li>Dulap<\/li>\n<li>Incalzi<\/li>\n<li>Frigider<\/li>\n<li>Ceainic electric<\/li>\n<\/ul>\n<\/li>\n<\/ul>\n[\/mk_custom_list][\/vc_column_inner][vc_column_inner width=&#8221;1\/3&#8243; animation_in_type=&#8221;transition.fadeIn&#8221; animation_in_offset=&#8221;100&#8243; animation_in_duration=&#8221;650&#8243; animation_in_delay=&#8221;150&#8243;][mk_custom_list]\n<ul>\n<li style=\"list-style-type: none;\">\n<ul>\n<li>Suport de haine Serviciu de trezire<br \/>\nServiciu de trezire<\/li>\n<li>Telefon<\/li>\n<li>TV cu ecran plat<\/li>\n<li>Aer condi\u021bionat<\/li>\n<li>Balcon<\/li>\n<li>Mobilier de gr\u0103din\u0103<\/li>\n<li>Priz\u0103 l\u00e2ng\u0103 pat<\/li>\n<li>Etaje superioare accesibile doar pe sc\u0103ri<\/li>\n<\/ul>\n<\/li>\n<\/ul>\n[\/mk_custom_list][\/vc_column_inner][\/vc_row_inner][\/vc_column][\/vc_row][vc_row][vc_column animation_in_type=&#8221;transition.expandIn&#8221; animation_in_offset=&#8221;100&#8243; animation_in_duration=&#8221;700&#8243; animation_in_delay=&#8221;500&#8243;][mk_gallery images=&#8221;682,689,810,811,812,813,814,815&#8243; column=&#8221;2&#8243; image_size=&#8221;large&#8221; hover_scenarios=&#8221;slow_zoom&#8221; orderby=&#8221;post__in&#8221;][\/vc_column][\/vc_row][vc_row][vc_column][vc_empty_space height=&#8221;60px&#8221;][\/vc_column][\/vc_row]\n","protected":false},"excerpt":{"rendered":"<p>[vc_row css=&#8221;.vc_custom_1556385311196{padding-top: 50px !important;}&#8221;][vc_column][vc_column_text css=&#8221;.vc_custom_1642536712493{margin-bottom: 0px !important;}&#8221;] Camer\u0103 twin Standard cu vedere la gr\u0103din\u0103 Suprafa\u0163a camerei: 15 m2 \/ Capacitate: 2 persoane [\/vc_column_text][vc_column_text css=&#8221;.vc_custom_1642536793768{margin-bottom: 0px !important;padding-top: 10px !important;}&#8221;] Aceast\u0103 camer\u0103 luminoas\u0103 ofer\u0103 aer condi\u021bionat \u0219i vedere la gr\u0103din\u0103. Are Wi-Fi gratuit, frigider \u0219i TV. Aceast\u0103 camer\u0103 este situat\u0103 la etajul 2. V\u0103 rug\u0103m s\u0103 re\u021bine\u021bi<\/p>\n","protected":false},"author":1,"featured_media":0,"parent":0,"menu_order":0,"comment_status":"closed","ping_status":"closed","template":"","meta":{"footnotes":""},"class_list":["post-483","page","type-page","status-publish","hentry"],"yoast_head":"<!-- This site is optimized with the Yoast SEO plugin v24.7 - https:\/\/yoast.com\/wordpress\/plugins\/seo\/ -->\n<title>Camer\u0103 dubl\u0103 standard cu vedere la gr\u0103din\u0103 - Hotel Laios - \u039b\u03b9\u03bc\u03ad\u03bd\u03b1\u03c2 \u0398\u03ac\u03c3\u03bf\u03c2<\/title>\n<meta name=\"robots\" content=\"index, follow, max-snippet:-1, max-image-preview:large, max-video-preview:-1\" \/>\n<link rel=\"canonical\" href=\"https:\/\/laioshotel.gr\/ro\/camera-dubla-standard-cu-vedere-la-gradina\/\" \/>\n<meta property=\"og:locale\" content=\"ro_RO\" \/>\n<meta property=\"og:type\" content=\"article\" \/>\n<meta property=\"og:title\" content=\"Camer\u0103 dubl\u0103 standard cu vedere la gr\u0103din\u0103 - Hotel Laios - \u039b\u03b9\u03bc\u03ad\u03bd\u03b1\u03c2 \u0398\u03ac\u03c3\u03bf\u03c2\" \/>\n<meta property=\"og:description\" content=\"[vc_row css=&#8221;.vc_custom_1556385311196{padding-top: 50px !important;}&#8221;][vc_column][vc_column_text css=&#8221;.vc_custom_1642536712493{margin-bottom: 0px !important;}&#8221;] Camer\u0103 twin Standard cu vedere la gr\u0103din\u0103 Suprafa\u0163a camerei: 15 m2 \/ Capacitate: 2 persoane [\/vc_column_text][vc_column_text css=&#8221;.vc_custom_1642536793768{margin-bottom: 0px !important;padding-top: 10px !important;}&#8221;] Aceast\u0103 camer\u0103 luminoas\u0103 ofer\u0103 aer condi\u021bionat \u0219i vedere la gr\u0103din\u0103. Are Wi-Fi gratuit, frigider \u0219i TV. Aceast\u0103 camer\u0103 este situat\u0103 la etajul 2. V\u0103 rug\u0103m s\u0103 re\u021bine\u021bi\" \/>\n<meta property=\"og:url\" content=\"https:\/\/laioshotel.gr\/ro\/camera-dubla-standard-cu-vedere-la-gradina\/\" \/>\n<meta property=\"og:site_name\" content=\"Hotel Laios - \u039b\u03b9\u03bc\u03ad\u03bd\u03b1\u03c2 \u0398\u03ac\u03c3\u03bf\u03c2\" \/>\n<meta property=\"article:modified_time\" content=\"2023-06-13T09:57:13+00:00\" \/>\n<meta name=\"twitter:card\" content=\"summary_large_image\" \/>\n<meta name=\"twitter:label1\" content=\"Timp estimat pentru citire\" \/>\n\t<meta name=\"twitter:data1\" content=\"1 minut\" \/>\n<script type=\"application\/ld+json\" class=\"yoast-schema-graph\">{\"@context\":\"https:\/\/schema.org\",\"@graph\":[{\"@type\":\"WebPage\",\"@id\":\"https:\/\/laioshotel.gr\/ro\/camera-dubla-standard-cu-vedere-la-gradina\/\",\"url\":\"https:\/\/laioshotel.gr\/ro\/camera-dubla-standard-cu-vedere-la-gradina\/\",\"name\":\"Camer\u0103 dubl\u0103 standard cu vedere la gr\u0103din\u0103 - Hotel Laios - \u039b\u03b9\u03bc\u03ad\u03bd\u03b1\u03c2 \u0398\u03ac\u03c3\u03bf\u03c2\",\"isPartOf\":{\"@id\":\"https:\/\/laioshotel.gr\/ro\/#website\"},\"datePublished\":\"2022-01-23T23:19:26+00:00\",\"dateModified\":\"2023-06-13T09:57:13+00:00\",\"breadcrumb\":{\"@id\":\"https:\/\/laioshotel.gr\/ro\/camera-dubla-standard-cu-vedere-la-gradina\/#breadcrumb\"},\"inLanguage\":\"ro-RO\",\"potentialAction\":[{\"@type\":\"ReadAction\",\"target\":[\"https:\/\/laioshotel.gr\/ro\/camera-dubla-standard-cu-vedere-la-gradina\/\"]}]},{\"@type\":\"BreadcrumbList\",\"@id\":\"https:\/\/laioshotel.gr\/ro\/camera-dubla-standard-cu-vedere-la-gradina\/#breadcrumb\",\"itemListElement\":[{\"@type\":\"ListItem\",\"position\":1,\"name\":\"Home\",\"item\":\"https:\/\/laioshotel.gr\/ro\/\"},{\"@type\":\"ListItem\",\"position\":2,\"name\":\"Camer\u0103 dubl\u0103 standard cu vedere la gr\u0103din\u0103\"}]},{\"@type\":\"WebSite\",\"@id\":\"https:\/\/laioshotel.gr\/ro\/#website\",\"url\":\"https:\/\/laioshotel.gr\/ro\/\",\"name\":\"Hotel Laios - \u039b\u03b9\u03bc\u03ad\u03bd\u03b1\u03c2 \u0398\u03ac\u03c3\u03bf\u03c2\",\"description\":\"Laios Hotel \u03bc\u03b5 \u03b8\u03ad\u03b1 \u03c4\u03b7 \u03b8\u03ac\u03bb\u03b1\u03c3\u03c3\u03b1, \u03b4\u03af\u03c0\u03bb\u03b1 \u03c3\u03c4\u03bf \u03bb\u03b9\u03bc\u03ac\u03bd\u03b9 \u03c4\u03bf\u03c5 \u039b\u03b9\u03bc\u03ad\u03bd\u03b1 \u03c3\u03c4\u03b7 \u0398\u03ac\u03c3\u03c3\u03bf\u03c5\",\"potentialAction\":[{\"@type\":\"SearchAction\",\"target\":{\"@type\":\"EntryPoint\",\"urlTemplate\":\"https:\/\/laioshotel.gr\/ro\/?s={search_term_string}\"},\"query-input\":{\"@type\":\"PropertyValueSpecification\",\"valueRequired\":true,\"valueName\":\"search_term_string\"}}],\"inLanguage\":\"ro-RO\"}]}<\/script>\n<!-- \/ Yoast SEO plugin. -->","yoast_head_json":{"title":"Camer\u0103 dubl\u0103 standard cu vedere la gr\u0103din\u0103 - Hotel Laios - \u039b\u03b9\u03bc\u03ad\u03bd\u03b1\u03c2 \u0398\u03ac\u03c3\u03bf\u03c2","robots":{"index":"index","follow":"follow","max-snippet":"max-snippet:-1","max-image-preview":"max-image-preview:large","max-video-preview":"max-video-preview:-1"},"canonical":"https:\/\/laioshotel.gr\/ro\/camera-dubla-standard-cu-vedere-la-gradina\/","og_locale":"ro_RO","og_type":"article","og_title":"Camer\u0103 dubl\u0103 standard cu vedere la gr\u0103din\u0103 - Hotel Laios - \u039b\u03b9\u03bc\u03ad\u03bd\u03b1\u03c2 \u0398\u03ac\u03c3\u03bf\u03c2","og_description":"[vc_row css=&#8221;.vc_custom_1556385311196{padding-top: 50px !important;}&#8221;][vc_column][vc_column_text css=&#8221;.vc_custom_1642536712493{margin-bottom: 0px !important;}&#8221;] Camer\u0103 twin Standard cu vedere la gr\u0103din\u0103 Suprafa\u0163a camerei: 15 m2 \/ Capacitate: 2 persoane [\/vc_column_text][vc_column_text css=&#8221;.vc_custom_1642536793768{margin-bottom: 0px !important;padding-top: 10px !important;}&#8221;] Aceast\u0103 camer\u0103 luminoas\u0103 ofer\u0103 aer condi\u021bionat \u0219i vedere la gr\u0103din\u0103. Are Wi-Fi gratuit, frigider \u0219i TV. Aceast\u0103 camer\u0103 este situat\u0103 la etajul 2. V\u0103 rug\u0103m s\u0103 re\u021bine\u021bi","og_url":"https:\/\/laioshotel.gr\/ro\/camera-dubla-standard-cu-vedere-la-gradina\/","og_site_name":"Hotel Laios - \u039b\u03b9\u03bc\u03ad\u03bd\u03b1\u03c2 \u0398\u03ac\u03c3\u03bf\u03c2","article_modified_time":"2023-06-13T09:57:13+00:00","twitter_card":"summary_large_image","twitter_misc":{"Timp estimat pentru citire":"1 minut"},"schema":{"@context":"https:\/\/schema.org","@graph":[{"@type":"WebPage","@id":"https:\/\/laioshotel.gr\/ro\/camera-dubla-standard-cu-vedere-la-gradina\/","url":"https:\/\/laioshotel.gr\/ro\/camera-dubla-standard-cu-vedere-la-gradina\/","name":"Camer\u0103 dubl\u0103 standard cu vedere la gr\u0103din\u0103 - Hotel Laios - \u039b\u03b9\u03bc\u03ad\u03bd\u03b1\u03c2 \u0398\u03ac\u03c3\u03bf\u03c2","isPartOf":{"@id":"https:\/\/laioshotel.gr\/ro\/#website"},"datePublished":"2022-01-23T23:19:26+00:00","dateModified":"2023-06-13T09:57:13+00:00","breadcrumb":{"@id":"https:\/\/laioshotel.gr\/ro\/camera-dubla-standard-cu-vedere-la-gradina\/#breadcrumb"},"inLanguage":"ro-RO","potentialAction":[{"@type":"ReadAction","target":["https:\/\/laioshotel.gr\/ro\/camera-dubla-standard-cu-vedere-la-gradina\/"]}]},{"@type":"BreadcrumbList","@id":"https:\/\/laioshotel.gr\/ro\/camera-dubla-standard-cu-vedere-la-gradina\/#breadcrumb","itemListElement":[{"@type":"ListItem","position":1,"name":"Home","item":"https:\/\/laioshotel.gr\/ro\/"},{"@type":"ListItem","position":2,"name":"Camer\u0103 dubl\u0103 standard cu vedere la gr\u0103din\u0103"}]},{"@type":"WebSite","@id":"https:\/\/laioshotel.gr\/ro\/#website","url":"https:\/\/laioshotel.gr\/ro\/","name":"Hotel Laios - \u039b\u03b9\u03bc\u03ad\u03bd\u03b1\u03c2 \u0398\u03ac\u03c3\u03bf\u03c2","description":"Laios Hotel \u03bc\u03b5 \u03b8\u03ad\u03b1 \u03c4\u03b7 \u03b8\u03ac\u03bb\u03b1\u03c3\u03c3\u03b1, \u03b4\u03af\u03c0\u03bb\u03b1 \u03c3\u03c4\u03bf \u03bb\u03b9\u03bc\u03ac\u03bd\u03b9 \u03c4\u03bf\u03c5 \u039b\u03b9\u03bc\u03ad\u03bd\u03b1 \u03c3\u03c4\u03b7 \u0398\u03ac\u03c3\u03c3\u03bf\u03c5","potentialAction":[{"@type":"SearchAction","target":{"@type":"EntryPoint","urlTemplate":"https:\/\/laioshotel.gr\/ro\/?s={search_term_string}"},"query-input":{"@type":"PropertyValueSpecification","valueRequired":true,"valueName":"search_term_string"}}],"inLanguage":"ro-RO"}]}},"_links":{"self":[{"href":"https:\/\/laioshotel.gr\/ro\/wp-json\/wp\/v2\/pages\/483","targetHints":{"allow":["GET"]}}],"collection":[{"href":"https:\/\/laioshotel.gr\/ro\/wp-json\/wp\/v2\/pages"}],"about":[{"href":"https:\/\/laioshotel.gr\/ro\/wp-json\/wp\/v2\/types\/page"}],"author":[{"embeddable":true,"href":"https:\/\/laioshotel.gr\/ro\/wp-json\/wp\/v2\/users\/1"}],"replies":[{"embeddable":true,"href":"https:\/\/laioshotel.gr\/ro\/wp-json\/wp\/v2\/comments?post=483"}],"version-history":[{"count":24,"href":"https:\/\/laioshotel.gr\/ro\/wp-json\/wp\/v2\/pages\/483\/revisions"}],"predecessor-version":[{"id":856,"href":"https:\/\/laioshotel.gr\/ro\/wp-json\/wp\/v2\/pages\/483\/revisions\/856"}],"wp:attachment":[{"href":"https:\/\/laioshotel.gr\/ro\/wp-json\/wp\/v2\/media?parent=483"}],"curies":[{"name":"wp","href":"https:\/\/api.w.org\/{rel}","templated":true}]}}