{"id":438,"date":"2022-01-23T20:06:15","date_gmt":"2022-01-23T18:06:15","guid":{"rendered":"https:\/\/laioshotel.gr\/cum-sa-ajungi\/"},"modified":"2022-01-23T20:06:17","modified_gmt":"2022-01-23T18:06:17","slug":"cum-sa-ajungi","status":"publish","type":"page","link":"https:\/\/laioshotel.gr\/ro\/cum-sa-ajungi\/","title":{"rendered":"Cum s\u0103 ajungi"},"content":{"rendered":"[vc_row css=&#8221;.vc_custom_1556385311196{padding-top: 50px !important;}&#8221;][vc_column][vc_column_text css=&#8221;.vc_custom_1642621345074{margin-bottom: 0px !important;}&#8221;]\n<h1 style=\"margin-bottom: 0px; font-weight: 200; text-align: center;\">Cum s\u0103 ajungi<\/h1>\n<h2 style=\"font-weight: 900; font-size: 24px; letter-spacing: 0.6px; text-align: center;\">Limenas Thasos<\/h2>\n[\/vc_column_text][vc_column_text css=&#8221;.vc_custom_1642622430880{margin-bottom: 0px !important;padding-top: 10px !important;}&#8221;]\n<p style=\"text-align: center;\">Hotel Laios este situat \u00een Limenas Thassos, l\u00e2ng\u0103 noul port.<br \/>\n<span style=\"text-decoration: underline;\"><strong>Adresa:<\/strong><\/span> 18 octombrie srt. 63, Limenas Thassos 64004<\/p>\n[\/vc_column_text][\/vc_column][\/vc_row][vc_row css=&#8221;.vc_custom_1642875804500{padding-top: 20px !important;padding-bottom: 10px !important;}&#8221;][vc_column animation_in_type=&#8221;transition.slideUpIn&#8221; animation_in_offset=&#8221;100&#8243; animation_in_duration=&#8221;350&#8243; animation_in_delay=&#8221;0&#8243;][vc_column_text css=&#8221;.vc_custom_1642622466055{margin-bottom: 0px !important;padding-top: 10px !important;}&#8221;]\n<h3 style=\"text-align: center;\">Acces pe insula<\/h3>\n[\/vc_column_text][\/vc_column][\/vc_row][vc_row css=&#8221;.vc_custom_1556385311196{padding-top: 50px !important;}&#8221;][vc_column][vc_row_inner][vc_column_inner width=&#8221;1\/3&#8243; animation_in_type=&#8221;transition.slideLeftBigIn&#8221; animation_in_offset=&#8221;100&#8243; animation_in_duration=&#8221;500&#8243; animation_in_delay=&#8221;0&#8243;]<div data-id=\"mpc_icon_column-206a07a15d6f5bf\" class=\"mpc-icon-column mpc-init mpc-parent-hover mpc-transition mpc-animation mpc-icon-column--style_4 mpc-align--center \"  data-animation-in=\"transition.slideLeftIn||600||0||100\"><div data-id=\"mpc_icon-546a07a15d6f5e6\" class=\"mpc-icon mpc-init mpc-transition mpc-effect-fade mpc-icon-hover \"><div class=\"mpc-icon-wrap\"><i class=\"mpc-icon-part mpc-regular mpc-transition  mi mi-directions_boat\"><\/i><i class=\"mpc-icon-part mpc-hover mpc-transition  mi mi-directions_boat\"><\/i><\/div><\/div><div class=\"mpc-icon-column__content-wrap\"><div class=\"mpc-icon-column__content\"><h3 class=\"mpc-icon-column__heading mpc-typography--default mpc-transition\">cu feribotul de la Keramoti<\/h3><div class=\"mpc-icon-column__description mpc-typography--default mpc-transition\"><p>(40 min) Keramoti este la 40 km de Kavala<\/p>\n<\/div><\/div><\/div><\/div>[\/vc_column_inner][vc_column_inner width=&#8221;1\/3&#8243;]<div data-id=\"mpc_icon_column-296a07a15d6f65d\" class=\"mpc-icon-column mpc-init mpc-parent-hover mpc-transition mpc-animation mpc-icon-column--style_4 mpc-align--center \"  data-animation-in=\"transition.slideLeftIn||600||150||100\"><div data-id=\"mpc_icon-176a07a15d6f670\" class=\"mpc-icon mpc-init mpc-transition mpc-effect-fade mpc-icon-hover \"><div class=\"mpc-icon-wrap\"><i class=\"mpc-icon-part mpc-regular mpc-transition  mi mi-airplanemode_active\"><\/i><i class=\"mpc-icon-part mpc-hover mpc-transition  mi mi-airplanemode_active\"><\/i><\/div><\/div><div class=\"mpc-icon-column__content-wrap\"><div class=\"mpc-icon-column__content\"><h3 class=\"mpc-icon-column__heading mpc-typography--default mpc-transition\">cu avionul la Chrissoupoli<\/h3><div class=\"mpc-icon-column__description mpc-typography--default mpc-transition\"><p>apoi lua\u021bi un taxi p\u00e2n\u0103 la Keramoti (10 min) \u0219i lua\u021bi feribotul spre Limenas.<\/p>\n<\/div><\/div><\/div><\/div>[\/vc_column_inner][vc_column_inner width=&#8221;1\/3&#8243;]<div data-id=\"mpc_icon_column-646a07a15d6f6c5\" class=\"mpc-icon-column mpc-init mpc-parent-hover mpc-transition mpc-animation mpc-icon-column--style_4 mpc-align--center \"  data-animation-in=\"transition.slideLeftIn||600||150||100\"><div data-id=\"mpc_icon-436a07a15d6f6d4\" class=\"mpc-icon mpc-init mpc-transition mpc-effect-fade mpc-icon-hover \"><div class=\"mpc-icon-wrap\"><i class=\"mpc-icon-part mpc-regular mpc-transition  mi mi-directions_boat\"><\/i><i class=\"mpc-icon-part mpc-hover mpc-transition  mi mi-directions_boat\"><\/i><\/div><\/div><div class=\"mpc-icon-column__content-wrap\"><div class=\"mpc-icon-column__content\"><h3 class=\"mpc-icon-column__heading mpc-typography--default mpc-transition\">cu feribotul de la Kavala<\/h3><div class=\"mpc-icon-column__description mpc-typography--default mpc-transition\"><p>75 de minute cu feribotul de la Kavala.<\/p>\n<\/div><\/div><\/div><\/div>[\/vc_column_inner][\/vc_row_inner][\/vc_column][\/vc_row][vc_row][vc_column][vc_empty_space height=&#8221;60px&#8221;][\/vc_column][\/vc_row][vc_row][vc_column][vc_column_text css=&#8221;.vc_custom_1642890908126{margin-bottom: 0px !important;}&#8221;]<iframe loading=\"lazy\" src=\"https:\/\/www.google.com\/maps\/d\/u\/3\/embed?mid=1dBT-kFdz_viD5UQ7mGf4oUqNNkudtH7w&amp;ehbc=2E312F\" width=\"100%\" height=\"550\"><\/iframe>[\/vc_column_text][\/vc_column][\/vc_row][vc_row][vc_column][vc_empty_space height=&#8221;60px&#8221;][\/vc_column][\/vc_row]\n","protected":false},"excerpt":{"rendered":"<p>[vc_row css=&#8221;.vc_custom_1556385311196{padding-top: 50px !important;}&#8221;][vc_column][vc_column_text css=&#8221;.vc_custom_1642621345074{margin-bottom: 0px !important;}&#8221;] Cum s\u0103 ajungi Limenas Thasos [\/vc_column_text][vc_column_text css=&#8221;.vc_custom_1642622430880{margin-bottom: 0px !important;padding-top: 10px !important;}&#8221;] Hotel Laios este situat \u00een Limenas Thassos, l\u00e2ng\u0103 noul port. Adresa: 18 octombrie srt. 63, Limenas Thassos 64004 [\/vc_column_text][\/vc_column][\/vc_row][vc_row css=&#8221;.vc_custom_1642875804500{padding-top: 20px !important;padding-bottom: 10px !important;}&#8221;][vc_column animation_in_type=&#8221;transition.slideUpIn&#8221; animation_in_offset=&#8221;100&#8243; animation_in_duration=&#8221;350&#8243; animation_in_delay=&#8221;0&#8243;][vc_column_text css=&#8221;.vc_custom_1642622466055{margin-bottom: 0px !important;padding-top: 10px !important;}&#8221;] Acces pe insula [\/vc_column_text][\/vc_column][\/vc_row][vc_row<\/p>\n","protected":false},"author":1,"featured_media":0,"parent":0,"menu_order":0,"comment_status":"closed","ping_status":"closed","template":"","meta":{"footnotes":""},"class_list":["post-438","page","type-page","status-publish","hentry"],"yoast_head":"<!-- This site is optimized with the Yoast SEO plugin v24.7 - https:\/\/yoast.com\/wordpress\/plugins\/seo\/ -->\n<title>Cum s\u0103 ajungi - Hotel Laios - \u039b\u03b9\u03bc\u03ad\u03bd\u03b1\u03c2 \u0398\u03ac\u03c3\u03bf\u03c2<\/title>\n<meta name=\"robots\" content=\"index, follow, max-snippet:-1, max-image-preview:large, max-video-preview:-1\" \/>\n<link rel=\"canonical\" href=\"https:\/\/laioshotel.gr\/ro\/cum-sa-ajungi\/\" \/>\n<meta property=\"og:locale\" content=\"ro_RO\" \/>\n<meta property=\"og:type\" content=\"article\" \/>\n<meta property=\"og:title\" content=\"Cum s\u0103 ajungi - Hotel Laios - \u039b\u03b9\u03bc\u03ad\u03bd\u03b1\u03c2 \u0398\u03ac\u03c3\u03bf\u03c2\" \/>\n<meta property=\"og:description\" content=\"[vc_row css=&#8221;.vc_custom_1556385311196{padding-top: 50px !important;}&#8221;][vc_column][vc_column_text css=&#8221;.vc_custom_1642621345074{margin-bottom: 0px !important;}&#8221;] Cum s\u0103 ajungi Limenas Thasos [\/vc_column_text][vc_column_text css=&#8221;.vc_custom_1642622430880{margin-bottom: 0px !important;padding-top: 10px !important;}&#8221;] Hotel Laios este situat \u00een Limenas Thassos, l\u00e2ng\u0103 noul port. Adresa: 18 octombrie srt. 63, Limenas Thassos 64004 [\/vc_column_text][\/vc_column][\/vc_row][vc_row css=&#8221;.vc_custom_1642875804500{padding-top: 20px !important;padding-bottom: 10px !important;}&#8221;][vc_column animation_in_type=&#8221;transition.slideUpIn&#8221; animation_in_offset=&#8221;100&#8243; animation_in_duration=&#8221;350&#8243; animation_in_delay=&#8221;0&#8243;][vc_column_text css=&#8221;.vc_custom_1642622466055{margin-bottom: 0px !important;padding-top: 10px !important;}&#8221;] Acces pe insula [\/vc_column_text][\/vc_column][\/vc_row][vc_row\" \/>\n<meta property=\"og:url\" content=\"https:\/\/laioshotel.gr\/ro\/cum-sa-ajungi\/\" \/>\n<meta property=\"og:site_name\" content=\"Hotel Laios - \u039b\u03b9\u03bc\u03ad\u03bd\u03b1\u03c2 \u0398\u03ac\u03c3\u03bf\u03c2\" \/>\n<meta property=\"article:modified_time\" content=\"2022-01-23T18:06:17+00:00\" \/>\n<meta name=\"twitter:card\" content=\"summary_large_image\" \/>\n<meta name=\"twitter:label1\" content=\"Timp estimat pentru citire\" \/>\n\t<meta name=\"twitter:data1\" content=\"2 minute\" \/>\n<script type=\"application\/ld+json\" class=\"yoast-schema-graph\">{\"@context\":\"https:\/\/schema.org\",\"@graph\":[{\"@type\":\"WebPage\",\"@id\":\"https:\/\/laioshotel.gr\/ro\/cum-sa-ajungi\/\",\"url\":\"https:\/\/laioshotel.gr\/ro\/cum-sa-ajungi\/\",\"name\":\"Cum s\u0103 ajungi - Hotel Laios - \u039b\u03b9\u03bc\u03ad\u03bd\u03b1\u03c2 \u0398\u03ac\u03c3\u03bf\u03c2\",\"isPartOf\":{\"@id\":\"https:\/\/laioshotel.gr\/ro\/#website\"},\"datePublished\":\"2022-01-23T18:06:15+00:00\",\"dateModified\":\"2022-01-23T18:06:17+00:00\",\"breadcrumb\":{\"@id\":\"https:\/\/laioshotel.gr\/ro\/cum-sa-ajungi\/#breadcrumb\"},\"inLanguage\":\"ro-RO\",\"potentialAction\":[{\"@type\":\"ReadAction\",\"target\":[\"https:\/\/laioshotel.gr\/ro\/cum-sa-ajungi\/\"]}]},{\"@type\":\"BreadcrumbList\",\"@id\":\"https:\/\/laioshotel.gr\/ro\/cum-sa-ajungi\/#breadcrumb\",\"itemListElement\":[{\"@type\":\"ListItem\",\"position\":1,\"name\":\"Home\",\"item\":\"https:\/\/laioshotel.gr\/ro\/\"},{\"@type\":\"ListItem\",\"position\":2,\"name\":\"Cum s\u0103 ajungi\"}]},{\"@type\":\"WebSite\",\"@id\":\"https:\/\/laioshotel.gr\/ro\/#website\",\"url\":\"https:\/\/laioshotel.gr\/ro\/\",\"name\":\"Hotel Laios - \u039b\u03b9\u03bc\u03ad\u03bd\u03b1\u03c2 \u0398\u03ac\u03c3\u03bf\u03c2\",\"description\":\"Laios Hotel \u03bc\u03b5 \u03b8\u03ad\u03b1 \u03c4\u03b7 \u03b8\u03ac\u03bb\u03b1\u03c3\u03c3\u03b1, \u03b4\u03af\u03c0\u03bb\u03b1 \u03c3\u03c4\u03bf \u03bb\u03b9\u03bc\u03ac\u03bd\u03b9 \u03c4\u03bf\u03c5 \u039b\u03b9\u03bc\u03ad\u03bd\u03b1 \u03c3\u03c4\u03b7 \u0398\u03ac\u03c3\u03c3\u03bf\u03c5\",\"potentialAction\":[{\"@type\":\"SearchAction\",\"target\":{\"@type\":\"EntryPoint\",\"urlTemplate\":\"https:\/\/laioshotel.gr\/ro\/?s={search_term_string}\"},\"query-input\":{\"@type\":\"PropertyValueSpecification\",\"valueRequired\":true,\"valueName\":\"search_term_string\"}}],\"inLanguage\":\"ro-RO\"}]}<\/script>\n<!-- \/ Yoast SEO plugin. -->","yoast_head_json":{"title":"Cum s\u0103 ajungi - Hotel Laios - \u039b\u03b9\u03bc\u03ad\u03bd\u03b1\u03c2 \u0398\u03ac\u03c3\u03bf\u03c2","robots":{"index":"index","follow":"follow","max-snippet":"max-snippet:-1","max-image-preview":"max-image-preview:large","max-video-preview":"max-video-preview:-1"},"canonical":"https:\/\/laioshotel.gr\/ro\/cum-sa-ajungi\/","og_locale":"ro_RO","og_type":"article","og_title":"Cum s\u0103 ajungi - Hotel Laios - \u039b\u03b9\u03bc\u03ad\u03bd\u03b1\u03c2 \u0398\u03ac\u03c3\u03bf\u03c2","og_description":"[vc_row css=&#8221;.vc_custom_1556385311196{padding-top: 50px !important;}&#8221;][vc_column][vc_column_text css=&#8221;.vc_custom_1642621345074{margin-bottom: 0px !important;}&#8221;] Cum s\u0103 ajungi Limenas Thasos [\/vc_column_text][vc_column_text css=&#8221;.vc_custom_1642622430880{margin-bottom: 0px !important;padding-top: 10px !important;}&#8221;] Hotel Laios este situat \u00een Limenas Thassos, l\u00e2ng\u0103 noul port. Adresa: 18 octombrie srt. 63, Limenas Thassos 64004 [\/vc_column_text][\/vc_column][\/vc_row][vc_row css=&#8221;.vc_custom_1642875804500{padding-top: 20px !important;padding-bottom: 10px !important;}&#8221;][vc_column animation_in_type=&#8221;transition.slideUpIn&#8221; animation_in_offset=&#8221;100&#8243; animation_in_duration=&#8221;350&#8243; animation_in_delay=&#8221;0&#8243;][vc_column_text css=&#8221;.vc_custom_1642622466055{margin-bottom: 0px !important;padding-top: 10px !important;}&#8221;] Acces pe insula [\/vc_column_text][\/vc_column][\/vc_row][vc_row","og_url":"https:\/\/laioshotel.gr\/ro\/cum-sa-ajungi\/","og_site_name":"Hotel Laios - \u039b\u03b9\u03bc\u03ad\u03bd\u03b1\u03c2 \u0398\u03ac\u03c3\u03bf\u03c2","article_modified_time":"2022-01-23T18:06:17+00:00","twitter_card":"summary_large_image","twitter_misc":{"Timp estimat pentru citire":"2 minute"},"schema":{"@context":"https:\/\/schema.org","@graph":[{"@type":"WebPage","@id":"https:\/\/laioshotel.gr\/ro\/cum-sa-ajungi\/","url":"https:\/\/laioshotel.gr\/ro\/cum-sa-ajungi\/","name":"Cum s\u0103 ajungi - Hotel Laios - \u039b\u03b9\u03bc\u03ad\u03bd\u03b1\u03c2 \u0398\u03ac\u03c3\u03bf\u03c2","isPartOf":{"@id":"https:\/\/laioshotel.gr\/ro\/#website"},"datePublished":"2022-01-23T18:06:15+00:00","dateModified":"2022-01-23T18:06:17+00:00","breadcrumb":{"@id":"https:\/\/laioshotel.gr\/ro\/cum-sa-ajungi\/#breadcrumb"},"inLanguage":"ro-RO","potentialAction":[{"@type":"ReadAction","target":["https:\/\/laioshotel.gr\/ro\/cum-sa-ajungi\/"]}]},{"@type":"BreadcrumbList","@id":"https:\/\/laioshotel.gr\/ro\/cum-sa-ajungi\/#breadcrumb","itemListElement":[{"@type":"ListItem","position":1,"name":"Home","item":"https:\/\/laioshotel.gr\/ro\/"},{"@type":"ListItem","position":2,"name":"Cum s\u0103 ajungi"}]},{"@type":"WebSite","@id":"https:\/\/laioshotel.gr\/ro\/#website","url":"https:\/\/laioshotel.gr\/ro\/","name":"Hotel Laios - \u039b\u03b9\u03bc\u03ad\u03bd\u03b1\u03c2 \u0398\u03ac\u03c3\u03bf\u03c2","description":"Laios Hotel \u03bc\u03b5 \u03b8\u03ad\u03b1 \u03c4\u03b7 \u03b8\u03ac\u03bb\u03b1\u03c3\u03c3\u03b1, \u03b4\u03af\u03c0\u03bb\u03b1 \u03c3\u03c4\u03bf \u03bb\u03b9\u03bc\u03ac\u03bd\u03b9 \u03c4\u03bf\u03c5 \u039b\u03b9\u03bc\u03ad\u03bd\u03b1 \u03c3\u03c4\u03b7 \u0398\u03ac\u03c3\u03c3\u03bf\u03c5","potentialAction":[{"@type":"SearchAction","target":{"@type":"EntryPoint","urlTemplate":"https:\/\/laioshotel.gr\/ro\/?s={search_term_string}"},"query-input":{"@type":"PropertyValueSpecification","valueRequired":true,"valueName":"search_term_string"}}],"inLanguage":"ro-RO"}]}},"_links":{"self":[{"href":"https:\/\/laioshotel.gr\/ro\/wp-json\/wp\/v2\/pages\/438","targetHints":{"allow":["GET"]}}],"collection":[{"href":"https:\/\/laioshotel.gr\/ro\/wp-json\/wp\/v2\/pages"}],"about":[{"href":"https:\/\/laioshotel.gr\/ro\/wp-json\/wp\/v2\/types\/page"}],"author":[{"embeddable":true,"href":"https:\/\/laioshotel.gr\/ro\/wp-json\/wp\/v2\/users\/1"}],"replies":[{"embeddable":true,"href":"https:\/\/laioshotel.gr\/ro\/wp-json\/wp\/v2\/comments?post=438"}],"version-history":[{"count":7,"href":"https:\/\/laioshotel.gr\/ro\/wp-json\/wp\/v2\/pages\/438\/revisions"}],"predecessor-version":[{"id":445,"href":"https:\/\/laioshotel.gr\/ro\/wp-json\/wp\/v2\/pages\/438\/revisions\/445"}],"wp:attachment":[{"href":"https:\/\/laioshotel.gr\/ro\/wp-json\/wp\/v2\/media?parent=438"}],"curies":[{"name":"wp","href":"https:\/\/api.w.org\/{rel}","templated":true}]}}